{"id":1541,"date":"2017-07-11T11:41:56","date_gmt":"2017-07-11T11:41:56","guid":{"rendered":"http:\/\/www.dolvean.co.uk\/?page_id=1541"},"modified":"2023-08-27T15:07:31","modified_gmt":"2023-08-27T15:07:31","slug":"kleine-extras","status":"publish","type":"page","link":"https:\/\/www.dolvean.co.uk\/de\/kleine-extras\/","title":{"rendered":"Kleine Extras"},"content":{"rendered":"<h3>Warum verw\u00f6hnen Sie nicht Ihre Liebste w\u00e4hrend Sie bei uns wohnen?<\/h3>\n<p>Wir k\u00f6nnen Ihnen kleine Extras f\u00fcr Ihr Zimmer zum Ankunftstag arrangieren.<\/p>\n<ul>\n<li>\u00a3 55.00\u00a0\u00a0\u00a0 <strong>Nur f<\/strong>\u00fc<strong>r Dich\u00a0<\/strong> Arrangement<br \/>\n(Champagner, Pralinen und eine Rose f\u00fcr Ihre Liebste oder Ihren Liebsten)<br \/>\nfester Preis<\/li>\n<li>\u00a3 35.00\u00a0\u00a0\u00a0 Blumenstrau\u00df<\/li>\n<li>\u00a3 35.00\u00a0\u00a0\u00a0 Flasche Champagner<\/li>\n<li>\u00a3\u00a0 \u00a08.00\u00a0\u00a0\u00a0 Erdbeeren (in der Saison)<\/li>\n<li>\u00a3\u00a0\u00a0 8.00\u00a0\u00a0\u00a0 Schachtel Pralinen<\/li>\n<li>\u00a3\u00a0 \u00a08.00\u00a0\u00a0\u00a0 Helium Ballon<\/li>\n<li>\u00a3\u00a0 \u00a010.00\u00a0\u00a0\u00a0 Geburtstags- oder Jubil\u00e4umskuchen<\/li>\n<\/ul>\n<p>Die genannten Preise beschreiben das \u00fcbliche Preissegment, es gelten die Tagespreise.<br \/>\nWas immer Sie gerne h\u00e4tten, wir tun unser Bestes, es f\u00fcr Sie zu besorgen.<br \/>\nWir k\u00f6nnen ebenso einige nette romantische Restaurants empfehlen und buchen Ihnen gerne einen Tisch.<\/p>\n","protected":false},"excerpt":{"rendered":"<p>Warum verw\u00f6hnen Sie nicht Ihre Liebste w\u00e4hrend Sie bei uns wohnen? Wir k\u00f6nnen Ihnen kleine Extras f\u00fcr Ihr Zimmer zum Ankunftstag arrangieren. \u00a3 55.00\u00a0\u00a0\u00a0 Nur f\u00fcr Dich\u00a0 Arrangement (Champagner, Pralinen und eine Rose f\u00fcr Ihre Liebste oder Ihren Liebsten) fester Preis \u00a3 35.00\u00a0\u00a0\u00a0 Blumenstrau\u00df \u00a3 35.00\u00a0\u00a0\u00a0 Flasche Champagner \u00a3\u00a0 \u00a08.00\u00a0\u00a0\u00a0 Erdbeeren (in der Saison) \u00a3\u00a0\u00a0 [&hellip;]<\/p>\n","protected":false},"author":1,"featured_media":0,"parent":0,"menu_order":0,"comment_status":"closed","ping_status":"closed","template":"","meta":{"_acf_changed":false,"footnotes":""},"class_list":["post-1541","page","type-page","status-publish","hentry"],"acf":[],"_links":{"self":[{"href":"https:\/\/www.dolvean.co.uk\/de\/wp-json\/wp\/v2\/pages\/1541","targetHints":{"allow":["GET"]}}],"collection":[{"href":"https:\/\/www.dolvean.co.uk\/de\/wp-json\/wp\/v2\/pages"}],"about":[{"href":"https:\/\/www.dolvean.co.uk\/de\/wp-json\/wp\/v2\/types\/page"}],"author":[{"embeddable":true,"href":"https:\/\/www.dolvean.co.uk\/de\/wp-json\/wp\/v2\/users\/1"}],"replies":[{"embeddable":true,"href":"https:\/\/www.dolvean.co.uk\/de\/wp-json\/wp\/v2\/comments?post=1541"}],"version-history":[{"count":7,"href":"https:\/\/www.dolvean.co.uk\/de\/wp-json\/wp\/v2\/pages\/1541\/revisions"}],"predecessor-version":[{"id":2361,"href":"https:\/\/www.dolvean.co.uk\/de\/wp-json\/wp\/v2\/pages\/1541\/revisions\/2361"}],"wp:attachment":[{"href":"https:\/\/www.dolvean.co.uk\/de\/wp-json\/wp\/v2\/media?parent=1541"}],"curies":[{"name":"wp","href":"https:\/\/api.w.org\/{rel}","templated":true}]}}