{"id":1548,"date":"2017-06-20T11:03:17","date_gmt":"2017-06-20T11:03:17","guid":{"rendered":"http:\/\/www.dolvean.co.uk\/?page_id=1548\/"},"modified":"2018-02-10T13:30:49","modified_gmt":"2018-02-10T13:30:49","slug":"willkommen-dolvean-house","status":"publish","type":"page","link":"https:\/\/www.dolvean.co.uk\/de\/","title":{"rendered":"Willkommen in Dolvean House&#8230;"},"content":{"rendered":"<p style=\"text-align: center;\">Dolvean House Bed &amp; Breakfast Falmouth Cornwall ist ein F\u00fcnf-Sterne-G\u00e4stehaus in bester Lage nahe zum Meer und Falmouth Stadtzentrum. Shaun und Renate Davie freuen sich, Sie mit traditioneller englischer Gastlichkeit und modernem Komfort zu verw\u00f6hnen. Jedes der zehn individuell dekorierten Zimmer bietet Ihnen ein entspannendes Ambiente und faszinierende Einblicke in Stadt und Hafen. Das Haus hat eine kleine Bar mit einer Auswahl an Weinen, Bieren und Spirituosen. Unser privater Parkplatz befindet sich hinter dem Haus. Stadtzentrum und Strand sind nur f\u00fcnf Gehminuten entfernt. Ein kostenfreier W-Lan Internet Zugang besteht im ganzen Haus.<\/p>\n<h3 style=\"text-align: center;\">Falmouth in Cornwall<\/h3>\n<p style=\"text-align: center;\">Falmouth liegt sehr zentral in Cornwall und hat eine weit zur\u00fcckreichende Seefahrts-Geschichte, sch\u00f6ne Sandstr\u00e4nde und eine nette Einkaufszeile. Die Festungen Heinrichs VIII., <a href=\"http:\/\/www.english-heritage.org.uk\/visit\/places\/pendennis-castle\/\">Pendennis<\/a> und St Mawes, sind weithin sichtbar und geh\u00f6ren zu den besten ihrer Art. In und um die Stadt herum haben Sie die Auswahl unter 30 exzellenten Restaurants. Die kornische K\u00fcche erstreckt sich vom herzhaften Pub-Essen \u00fcber moderne Hafenbistros, einschlie\u00dflich TV-Koch Rick Steins ber\u00fchmter Austern-Bar, bis hin zu eleganten und exquisiten Restaurants, die alle lokale Produkte von Meer und Land verwenden. Etwas f\u00fcr jeden Geschmack.<\/p>\n<p style=\"text-align: center;\">Die Stadt hat zwei bekannte und sehr gute Universit\u00e4ten: Wood Lane Kunstkolleg und Tremough Campus, Teil der Exeter Universit\u00e4t. In den Reparatur und Schiffsbau-Werften von Falmouth wurde schon so manche millionenschwere Superyacht gebaut &#8211; ein wichtiges Gesch\u00e4ft. In der Saison ist fast jeden Tag ein anderes Kreuzfahrtschiff im Hafen oder der Bucht vor Anker, deren G\u00e4ste die Gegend erkunden.<\/p>\n<p style=\"text-align: center;\">Die Gartenfreunde haben in Cornwall Gelegenheit, die wunderbaren subtropischen G\u00e4rten zu bewundern. Die au\u00dferordentliche Flora verdanken wir dem milden Golfstromklima und den Viktorianern, die mit Eifer und Flei\u00df Pflanzen aus aller Welt zusammen getragen haben. F\u00fcnf der \u00fcber 60 bedeutenden kornischen G\u00e4rten liegen in unmittelbarer N\u00e4he zu Falmouth (20 min Fahrt): <a href=\"http:\/\/www.trebahgarden.co.uk\/\" target=\"_blank\" rel=\"noopener\">Trebah<\/a> und <a href=\"https:\/\/www.nationaltrust.org.uk\/glendurgan-garden\" target=\"_blank\" rel=\"noopener\">Glendurga<\/a>n Garten, Penjerrick, <a href=\"https:\/\/www.nationaltrust.org.uk\/trelissick\" target=\"_blank\" rel=\"noopener\">Trelissick<\/a> und nat\u00fcrlich Fox Rosehill Garten, nur 500 Meter von uns entfernt.<\/p>\n<p style=\"text-align: center;\">In Cornwall und Falmouth ist viel zu sehen und zu erkunden. Nutzen Sie unsere Webseite fur erste Informationen.<br \/>\nWir freuen uns auf Sie und helfen Ihnen bei Fragen gerne weiter.<\/p>\n","protected":false},"excerpt":{"rendered":"<p>Dolvean House Bed &amp; Breakfast Falmouth Cornwall ist ein F\u00fcnf-Sterne-G\u00e4stehaus in bester Lage nahe zum Meer und Falmouth Stadtzentrum. Shaun und Renate Davie freuen sich, Sie mit traditioneller englischer Gastlichkeit und modernem Komfort zu verw\u00f6hnen. Jedes der zehn individuell dekorierten Zimmer bietet Ihnen ein entspannendes Ambiente und faszinierende Einblicke in Stadt und Hafen. Das Haus [&hellip;]<\/p>\n","protected":false},"author":1,"featured_media":0,"parent":0,"menu_order":1,"comment_status":"closed","ping_status":"closed","template":"","meta":{"_acf_changed":false,"footnotes":""},"class_list":["post-1548","page","type-page","status-publish","hentry"],"acf":[],"_links":{"self":[{"href":"https:\/\/www.dolvean.co.uk\/de\/wp-json\/wp\/v2\/pages\/1548","targetHints":{"allow":["GET"]}}],"collection":[{"href":"https:\/\/www.dolvean.co.uk\/de\/wp-json\/wp\/v2\/pages"}],"about":[{"href":"https:\/\/www.dolvean.co.uk\/de\/wp-json\/wp\/v2\/types\/page"}],"author":[{"embeddable":true,"href":"https:\/\/www.dolvean.co.uk\/de\/wp-json\/wp\/v2\/users\/1"}],"replies":[{"embeddable":true,"href":"https:\/\/www.dolvean.co.uk\/de\/wp-json\/wp\/v2\/comments?post=1548"}],"version-history":[{"count":8,"href":"https:\/\/www.dolvean.co.uk\/de\/wp-json\/wp\/v2\/pages\/1548\/revisions"}],"predecessor-version":[{"id":1966,"href":"https:\/\/www.dolvean.co.uk\/de\/wp-json\/wp\/v2\/pages\/1548\/revisions\/1966"}],"wp:attachment":[{"href":"https:\/\/www.dolvean.co.uk\/de\/wp-json\/wp\/v2\/media?parent=1548"}],"curies":[{"name":"wp","href":"https:\/\/api.w.org\/{rel}","templated":true}]}}