{"id":1551,"date":"2017-06-20T11:03:17","date_gmt":"2017-06-20T11:03:17","guid":{"rendered":"http:\/\/www.dolvean.co.uk\/?page_id=1551\/"},"modified":"2018-02-09T22:04:08","modified_gmt":"2018-02-09T22:04:08","slug":"ueber-dolvean","status":"publish","type":"page","link":"https:\/\/www.dolvean.co.uk\/de\/ueber-dolvean\/","title":{"rendered":"\u00dcber Dolvean"},"content":{"rendered":"<p>Dolvean Haus ist eine G\u00e4steunterkunft mit zehn Zimmern und wird von den Besitzern Shaun und Renate Davie selbst betrieben. Beide sind sehr mit Cornwall verbunden. Shaun, aufgewachsen in Cornwall, ist Hotelmanager und war in verschiedenen Hausern rund um Falmouth t\u00e4tig. Zuletzt als stellvertretender Leiter des nahe gelegenen Landhaus Hotels\u00a0Meudon. Dort f\u00fchrten die Wege von Shaun und Renate w\u00e4hrend eines Urlaubes zusammen. Die geb\u00fcrtige Bonnerin ist Ern\u00e4hrungswissenschaftler und PR-Manager und arbeitet heute auch als Touristenf\u00fchrer. Sie zeigt den G\u00e4sten die Sch\u00f6nheiten von Cornwall, inklusive der G\u00e4rten, Wanderpfade und K\u00fcstenlandschaften.<\/p>\n<p>Shaun und Renate haben Dolvean House im M\u00e4rz 2008 erworben und tun alles, um ihren G\u00e4sten wie bisher das Beste an Gastlichkeit zu bieten. Lesen Sie unsere G\u00e4ste-Kommentare und informieren Sie sich \u00fcber unsere Auszeichnungen.<\/p>\n<h3>Serviceleistungen<\/h3>\n<ul>\n<li>Zehn individuell viktorianisch dekorierte Zimmer mit Aussicht zu Hafen und Stadt.<\/li>\n<li>1.80 m und 2 m breite Betten in Superior Zimmern<\/li>\n<li>Privat-Parkplatz hinter dem Haus<\/li>\n<li>Strand und Stadtzentrum nur 5-10 Gehminuten entfernt<\/li>\n<li>Internet W-lan broadband Empfang, frei im ganzen Haus<\/li>\n<li>Deutsch-Englisch zweisprachig, Franz\u00f6sisch in Grundkenntnissen<\/li>\n<li>Zimmer im Erdgeschoss auf gleicher Ebene mit Eingang, Fr\u00fchst\u00fccksraum und Wohnzimmer<\/li>\n<li>Nicht-Raucher im ganzen Geb\u00e4ude<\/li>\n<li>Alle Zimmer haben integrierte Badezimmer und sind mit kompliment\u00e4rem Getr\u00e4nketablett, digitalen Flachbildschirm-Fernseher, F\u00f6n und einer deutschen Steckdose ausgestattet<\/li>\n<li>Das Haus hat eine kleine Bar mit einer Auswahl an Weinen, Bieren und Spirituosen<\/li>\n<li>\u00f6ffentliches Wohnzimmer<\/li>\n<li>Hochstuhl f\u00fcr Kleinkinder vorhanden<\/li>\n<li>1 Zustellbett fur ein Kind bis zu 10 Jahren im Zimmer der Eltern ist in bestimmten R\u00e4umen m\u00f6glich, nur auf Anfrage und Gegenstand von Verf\u00fcgbarkeit.<\/li>\n<li>Zusatzleistungen f\u00fcr die Bed\u00fcrfnisse von Wanderern und Radfahrern<\/li>\n<\/ul>\n","protected":false},"excerpt":{"rendered":"<p>Dolvean Haus ist eine G\u00e4steunterkunft mit zehn Zimmern und wird von den Besitzern Shaun und Renate Davie selbst betrieben. Beide sind sehr mit Cornwall verbunden. Shaun, aufgewachsen in Cornwall, ist Hotelmanager und war in verschiedenen Hausern rund um Falmouth t\u00e4tig. Zuletzt als stellvertretender Leiter des nahe gelegenen Landhaus Hotels\u00a0Meudon. Dort f\u00fchrten die Wege von Shaun [&hellip;]<\/p>\n","protected":false},"author":1,"featured_media":1697,"parent":0,"menu_order":2,"comment_status":"closed","ping_status":"closed","template":"","meta":{"_acf_changed":false,"footnotes":""},"class_list":["post-1551","page","type-page","status-publish","has-post-thumbnail","hentry"],"acf":[],"_links":{"self":[{"href":"https:\/\/www.dolvean.co.uk\/de\/wp-json\/wp\/v2\/pages\/1551","targetHints":{"allow":["GET"]}}],"collection":[{"href":"https:\/\/www.dolvean.co.uk\/de\/wp-json\/wp\/v2\/pages"}],"about":[{"href":"https:\/\/www.dolvean.co.uk\/de\/wp-json\/wp\/v2\/types\/page"}],"author":[{"embeddable":true,"href":"https:\/\/www.dolvean.co.uk\/de\/wp-json\/wp\/v2\/users\/1"}],"replies":[{"embeddable":true,"href":"https:\/\/www.dolvean.co.uk\/de\/wp-json\/wp\/v2\/comments?post=1551"}],"version-history":[{"count":3,"href":"https:\/\/www.dolvean.co.uk\/de\/wp-json\/wp\/v2\/pages\/1551\/revisions"}],"predecessor-version":[{"id":1554,"href":"https:\/\/www.dolvean.co.uk\/de\/wp-json\/wp\/v2\/pages\/1551\/revisions\/1554"}],"wp:featuredmedia":[{"embeddable":true,"href":"https:\/\/www.dolvean.co.uk\/de\/wp-json\/wp\/v2\/media\/1697"}],"wp:attachment":[{"href":"https:\/\/www.dolvean.co.uk\/de\/wp-json\/wp\/v2\/media?parent=1551"}],"curies":[{"name":"wp","href":"https:\/\/api.w.org\/{rel}","templated":true}]}}