{"id":1555,"date":"2017-07-11T11:27:43","date_gmt":"2017-07-11T11:27:43","guid":{"rendered":"http:\/\/www.dolvean.co.uk\/?page_id=1555\/"},"modified":"2018-02-09T22:10:23","modified_gmt":"2018-02-09T22:10:23","slug":"auszeichnungen","status":"publish","type":"page","link":"https:\/\/www.dolvean.co.uk\/de\/ueber-dolvean\/auszeichnungen\/","title":{"rendered":"Auszeichnungen"},"content":{"rendered":"<h3>Dolvean Haus hat etliche Auszeichnungen erworben. Bitte lesen Sie die folgenden Erl\u00e4uterungen.<\/h3>\n<p><a href=\"http:\/\/www.theaa.com\/travel\/accommodation_restaurants_grading.html\" target=\"_blank\" rel=\"noopener\"><strong>AA f\u00fc<\/strong><strong>nf Sterne<\/strong><\/a><br \/>\nDie Automobile Association (AA), vergleichbar mit dem ADAC, bewertet \u00dcbernachtungsunterk\u00fcnfte im Sternesystem. F\u00fcr G\u00e4stehauser werden ein bis f\u00fcnf Sterne vergeben. Wir haben in den Jahren 2008 bis 2011 an diesem System teilgenommen und wurden mit\u00a0 f\u00fcnf\u00a0 Sternen bewertet.<\/p>\n<p><a href=\"https:\/\/www.visitengland.com\/visitengland-star-ratings\" target=\"_blank\" rel=\"noopener\"><strong>Visit Britain f\u00fc<\/strong><strong>nf Sterne<\/strong><\/a><br \/>\nVon VisitEngland sind wir seit 2008 als F\u00fcnf-Sterne-G\u00e4steunterkunft bewertet. In den Jahren 2008 bis 2012 haben wir zus\u00e4tzlich einen Silber Award erhalten, die Auszeichnung f\u00fcr besondere Gastlichkeit, Freundlichkeit und Sauberkeit. Diese Kategorie ist von VisitEngland f\u00fcr F\u00fcnf-Sterne-Unterk\u00fcnfte beendet, wir f\u00fchren unseren Service jedoch in gleicher excellenter Weise fort.<\/p>\n<p><a href=\"https:\/\/www.visitengland.com\/visitengland-star-ratings\" target=\"_blank\" rel=\"noopener\"><strong>Visit Britain Fr<\/strong><\/a><a href=\"https:\/\/www.visitengland.com\/visitengland-star-ratings\" target=\"_blank\" rel=\"noopener\"><strong>\u00fc<\/strong><\/a><a href=\"https:\/\/www.visitengland.com\/visitengland-star-ratings\" target=\"_blank\" rel=\"noopener\"><strong>hst<\/strong><\/a><a href=\"https:\/\/www.visitengland.com\/visitengland-star-ratings\" target=\"_blank\" rel=\"noopener\"><strong>\u00fc<\/strong><\/a><strong><a href=\"https:\/\/www.visitengland.com\/visitengland-star-ratings\" target=\"_blank\" rel=\"noopener\">cks Award<\/a><\/strong><br \/>\nSeit 2011 f\u00fchren wir den VisitEngland Fr\u00fchst\u00fccks Award f\u00fcr excellente Qualit\u00e4t und Service.<\/p>\n<p>Wir sind in dem ber\u00fchmten franz\u00f6sischen &#8218;M&#8230;&#8216; Hotel- und Restaurantf\u00fchrer erw\u00e4hnt.<\/p>\n<p><strong>Britain in Bloom &#8211; Falmouth Town B&amp;B Bronze 2010<\/strong><br \/>\nBritain-in-Bloom findet auch in Falmouth statt und wir haben 2010 den dritten Preis (Bronze) in der Kategorie \u2018Kleine G\u00e4stehauser\/B&amp;B\u2019 gewonnen.<\/p>\n<p><a href=\"http:\/\/www.cornish-mining.org.uk\/\" target=\"_blank\" rel=\"noopener\">Cornisher Bergbau Weltkulturerbe Champion (WHS)<\/a><br \/>\nWir sind sehr interessiert an der Bergbaugeschichte von Cornwall und haben an einem Trainingstag teilgenommen, um WHS Champion zu werden.<\/p>\n<h2>Mitgliedschaften<\/h2>\n<h3>Dolvean Haus ist Mitglied bei<\/h3>\n<ul>\n<li>der <a href=\"http:\/\/www.visitfalmouth.com\/visit-falmouth\/about\/\" target=\"_blank\" rel=\"noopener\"><strong>FDHA<\/strong><\/a> (Falmouth Distrikt Hotel Vereinigung), die ihren Mitgliedern, den \u00f6rtlichen Unterkunftsbetreibern, bei spezifischen Belangen und Marketing weiterhilft. Die FDHA unterh\u00e4lt au\u00dferdem eine informative Webseite <a href=\"http:\/\/www.visitfalmouth.com\" target=\"_blank\" rel=\"noopener\">www.visitfalmouth.com<\/a><\/li>\n<li><a href=\"http:\/\/www.falmouth.co.uk\/discover-falmouth\/falmouth-a-z-local-directory\/falmouth-business-improvement-district-bid\" target=\"_blank\" rel=\"noopener\"><strong>BID<\/strong><\/a> (Business Improvement District) <a href=\"http:\/\/www.falmouth.co.uk\" target=\"_blank\" rel=\"noopener\">www.falmouth.co.uk<\/a><br \/>\nSeit 2008 ist Dolvean Haus Mitglied dieses Projektes, das f\u00fcr f\u00fcnf Jahre l\u00e4uft. Sein Ziel ist die generelle Verbesserung der Situation f\u00fcr die st\u00e4dtischen Unternehmen durch verschiedene Projekte (Marketing, website, Beschilderung etc.) Wir tragen wie jeder Stadtkernbetrieb dazu mit einem kleinen Prozentsatz unserer Gewerbesteuer bei.<\/li>\n<li><a href=\"http:\/\/www.coastproject.co.uk\/\" target=\"_blank\" rel=\"noopener\">im coast project<\/a>. Wir unterst\u00fctzen einen nachhaltigen, gr\u00fcnen Tourismus und wollen mit unseren Kr\u00e4ften unsere nat\u00fcrlichen Ressourcen erhalten und verbessern.<\/li>\n<\/ul>\n<p>Shaun und Renate sind Mitglieder bei<\/p>\n<ul>\n<li><a href=\"http:\/\/www.southwestcoastpath.com\" target=\"_blank\" rel=\"noopener\"><strong>SWCP<\/strong><\/a> (S\u00fcd-West-K\u00fcsten-Pfad Vereinigung)<\/li>\n<li><a href=\"http:\/\/www.helfordmarineconservation.co.uk\/\" target=\"_blank\" rel=\"noopener\"><u><strong>HVMCA<\/strong><\/u><\/a> (Helford Freiwillige Meeres-Konservierungs Vereinigung)<\/li>\n<li><a href=\"http:\/\/www.trebahgarden.co.uk\/\" target=\"_blank\" rel=\"noopener\"><u><strong>Trebah Garden<\/strong><\/u><\/a> (subtropischer viktorianischer Garten, 20 min entfernt von Falmouth)<\/li>\n<li><a href=\"http:\/\/www.cornwallwildlifetrust.org.uk\/\" target=\"_blank\" rel=\"noopener\"><u><strong>Cornwall Wildlife Trust\u00a0<\/strong><\/u><\/a> (Viele Aktivitaten in Cornwall k\u00f6nnen auch von Nicht-Mitgliedern besucht werden)<\/li>\n<\/ul>\n<p>Wir unterst\u00fctzen<\/p>\n<ul>\n<li><a href=\"http:\/\/shelterbox.co.uk\/\" target=\"_blank\" rel=\"noopener\"><strong>ShelterBox in Helston<\/strong><\/a><br \/>\nShelterBox stellt die \u00dcberlebens-Boxen her und verteilt sie an die Opfer von Naturkatastrophen wie die Erdbebenopfer in Haiti in 2009. Wir haben zusammen mit unserer Familie die Box No. 46827 gesponsort, die nach Haiti ging. Sie k\u00f6nnen helfen mit einer Spende zu Gunsten unserer derzeitigen Sammlung.<\/li>\n<li><a href=\"http:\/\/www.rspb.org.uk\/\" target=\"_blank\" rel=\"noopener\">RSPB <\/a>(K\u00f6nigliche Gesellschaft fur Vogelschutz)<br \/>\nAnstecknadeln mit Vogelmotiven k\u00f6nnen bei Dolvean Haus f\u00fcr min. \u00a31 erworben werden<\/li>\n<\/ul>\n","protected":false},"excerpt":{"rendered":"<p>Dolvean Haus hat etliche Auszeichnungen erworben. Bitte lesen Sie die folgenden Erl\u00e4uterungen. AA f\u00fcnf Sterne Die Automobile Association (AA), vergleichbar mit dem ADAC, bewertet \u00dcbernachtungsunterk\u00fcnfte im Sternesystem. F\u00fcr G\u00e4stehauser werden ein bis f\u00fcnf Sterne vergeben. Wir haben in den Jahren 2008 bis 2011 an diesem System teilgenommen und wurden mit\u00a0 f\u00fcnf\u00a0 Sternen bewertet. Visit Britain [&hellip;]<\/p>\n","protected":false},"author":1,"featured_media":0,"parent":1551,"menu_order":0,"comment_status":"closed","ping_status":"closed","template":"","meta":{"_acf_changed":false,"footnotes":""},"class_list":["post-1555","page","type-page","status-publish","hentry"],"acf":[],"_links":{"self":[{"href":"https:\/\/www.dolvean.co.uk\/de\/wp-json\/wp\/v2\/pages\/1555","targetHints":{"allow":["GET"]}}],"collection":[{"href":"https:\/\/www.dolvean.co.uk\/de\/wp-json\/wp\/v2\/pages"}],"about":[{"href":"https:\/\/www.dolvean.co.uk\/de\/wp-json\/wp\/v2\/types\/page"}],"author":[{"embeddable":true,"href":"https:\/\/www.dolvean.co.uk\/de\/wp-json\/wp\/v2\/users\/1"}],"replies":[{"embeddable":true,"href":"https:\/\/www.dolvean.co.uk\/de\/wp-json\/wp\/v2\/comments?post=1555"}],"version-history":[{"count":1,"href":"https:\/\/www.dolvean.co.uk\/de\/wp-json\/wp\/v2\/pages\/1555\/revisions"}],"predecessor-version":[{"id":1556,"href":"https:\/\/www.dolvean.co.uk\/de\/wp-json\/wp\/v2\/pages\/1555\/revisions\/1556"}],"up":[{"embeddable":true,"href":"https:\/\/www.dolvean.co.uk\/de\/wp-json\/wp\/v2\/pages\/1551"}],"wp:attachment":[{"href":"https:\/\/www.dolvean.co.uk\/de\/wp-json\/wp\/v2\/media?parent=1555"}],"curies":[{"name":"wp","href":"https:\/\/api.w.org\/{rel}","templated":true}]}}