{"id":1557,"date":"2017-07-11T11:27:56","date_gmt":"2017-07-11T11:27:56","guid":{"rendered":"http:\/\/www.dolvean.co.uk\/?page_id=1557\/"},"modified":"2017-08-29T14:51:36","modified_gmt":"2017-08-29T14:51:36","slug":"anreise","status":"publish","type":"page","link":"https:\/\/www.dolvean.co.uk\/de\/ueber-dolvean\/anreise\/","title":{"rendered":"Anreise"},"content":{"rendered":"<div class=\"content clearfix\">\n<h2>Anreise mit dem Auto<\/h2>\n<ol>\n<li>\u00dcblicherweise erreichen Sie den Au\u00dfenbezirk von Falmouth \u00fcber die A39 von Truro. Folgen Sie der Beschilderung auf der neu ausgebauten Stra\u00dfe, dem Penryn by-pass. Im Kreisel mit &#8222;Kanonen und Anker&#8220; fahren Sie die erste Abfahrt den H\u00fcgel hinunter zu einem Kreisel mit Palmen, die &#8222;W\u00fcsteninsel&#8220;.<\/li>\n<li>Fahren Sie hier rechts raus, immer noch A39. Es sind jetzt noch knapp 3 km.<\/li>\n<li>Nach 180 Metern geradeaus \u00fcber den n\u00e4chsten Kreisel vorbei an McDonalds.<\/li>\n<li>Nach 800 Metern passieren Sie rechts eine Tankstelle und fahren an der Ampel geradeaus auf die Dracaena Avenue.<\/li>\n<li>Nach weiteren 400 Metern fahren Sie \u00fcber den Kreisel und an den folgenden zwei Ampeln geradeaus und Sie befinden sich jetzt in der oben gezeigten Karte in der Stra\u00dfe &#8218;Western Terrace&#8216;.<\/li>\n<li>Nach 400 Metern geradeaus \u00fcber den Kreisel direkt neben dem Green Lawns Hotel.<\/li>\n<li>Sie fahren die Stra\u00dfe hinunter und circa 200m nach dem Fox Rosehill Garten (links) sehen Sie das gelbe Dolvean Haus auf der linken Seite. Unser Parkplatz ist links hinter dem Haus.<\/li>\n<\/ol>\n<h2>Anreise mit dem Zug (Aktuelle Fahrpl\u00e4ne <a title=\"nationalrail\" href=\"http:\/\/ojp.nationalrail.co.uk\/en\/s\/planjourney\/query\" target=\"_blank\" rel=\"noopener\">hier<\/a>)<\/h2>\n<ol>\n<li>Zugverbindungen aus England f\u00fchren nach Truro wo Sie in die Stichbahn nach Falmouth umsteigen m\u00fcssen. Der Stadtzug f\u00e4hrt etwa st\u00fcndlich von 6 bis 22 Uhr jeden Tag das ganze Jahr hindurch, die Fahrt dauert circa 20 Minuten und passiert die Stationen Perranwell, Penryn und Penmere.<\/li>\n<li>G\u00e4ste f\u00fcr Dolvean Haus steigen bei Falmouth Town aus, wohingegen die Bahn zu Falmouth Docks weiterf\u00e4hrt, dort kehrt macht und nach Truro zur\u00fcckf\u00e4hrt.<\/li>\n<li>Gehen Sie die kleine Plattform hinunter auf den Parkplatz und geradeaus durch die \u00d6ffnung im Zaun, danach rechts die Stra\u00dfe &#8222;Avenue Road&#8220; hoch.<\/li>\n<li>Folgen Sie der Stra\u00df an der Kreuzung mit Melvill Road nach rechts. Sie sehen unser gelbes Dolvean Haus nach circa 50 Metern auf der rechten Seite.<\/li>\n<li>Der Weg dauert ungef\u00e4hr 5 Minuten. Leider befindet sich an der Platform selber oder in der N\u00e4he kein \u00f6ffentliches Telefon. Auch Taxis m\u00fcssen vorab bestellt werden. Wir empfehlen die lokale Firma <a href=\"http:\/\/www.donalds-cars.co.uk\" target=\"_blank\" rel=\"noopener\">Donald&#8217;s Cars<\/a> +44 (0) 01326 313 123.<\/li>\n<\/ol>\n<h2>Anreise mit dem National Express Bus (Aktuelle Fahrpl\u00e4ne <a title=\"nationalexpress\" href=\"http:\/\/www.nationalexpress.com\/\" target=\"_blank\" rel=\"noopener\">hier<\/a>)<\/h2>\n<ol>\n<li>Die Langstrecken Busse halten am Busbahnhof auf dem Stadtplatz &#8222;The Moor&#8220;, gegen\u00fcber dem Laden &#8222;Argos&#8220; Das ist circa 1.25 km von Dolvean Haus entfernt.<\/li>\n<li>Sie konnen am Besten von dort ein Taxi zu uns nehmen, die Fahrt dauert circa 5 Minuten und kostet etwa \u00a33.50.<\/li>\n<li>F\u00fcr den k\u00fcrzesten Laufweg folgen Sie der Killigrew Stra\u00dfe, das ist die linke Stra\u00dfe von dem Platz &#8222;The Moor&#8220; h\u00fcgelaufw\u00e4rts, circa 500 m bis zum Kreisel.<\/li>\n<li>Links abbiegen in die Stra\u00dfe Western Terrace und dieser auf der linken Seite hinunter folgen, vorbei an zwei Ampeln und einem Kreisel, sowie dem Fox Rosehill Garten.<\/li>\n<li>Dolvean Haus liegt dann nach circa 100m auf der linken Seite.<\/li>\n<\/ol>\n<p><a href=\"http:\/\/maps.google.co.uk\/maps?q=dolvean+house&amp;gl=uk&amp;ie=UTF8&amp;hl=en&amp;view=map&amp;cid=15434637039688307941&amp;iwloc=A&amp;ved=0CEMQpQY&amp;sa=X&amp;ei=mFwwTcetOon9OaLv3YYD\" target=\"_blank\" rel=\"noopener\"><strong>Karten<\/strong><\/a><\/p>\n<\/div>\n","protected":false},"excerpt":{"rendered":"<p>Anreise mit dem Auto \u00dcblicherweise erreichen Sie den Au\u00dfenbezirk von Falmouth \u00fcber die A39 von Truro. Folgen Sie der Beschilderung auf der neu ausgebauten Stra\u00dfe, dem Penryn by-pass. Im Kreisel mit &#8222;Kanonen und Anker&#8220; fahren Sie die erste Abfahrt den H\u00fcgel hinunter zu einem Kreisel mit Palmen, die &#8222;W\u00fcsteninsel&#8220;. Fahren Sie hier rechts raus, immer [&hellip;]<\/p>\n","protected":false},"author":1,"featured_media":0,"parent":1551,"menu_order":0,"comment_status":"closed","ping_status":"closed","template":"","meta":{"_acf_changed":false,"footnotes":""},"class_list":["post-1557","page","type-page","status-publish","hentry"],"acf":[],"_links":{"self":[{"href":"https:\/\/www.dolvean.co.uk\/de\/wp-json\/wp\/v2\/pages\/1557","targetHints":{"allow":["GET"]}}],"collection":[{"href":"https:\/\/www.dolvean.co.uk\/de\/wp-json\/wp\/v2\/pages"}],"about":[{"href":"https:\/\/www.dolvean.co.uk\/de\/wp-json\/wp\/v2\/types\/page"}],"author":[{"embeddable":true,"href":"https:\/\/www.dolvean.co.uk\/de\/wp-json\/wp\/v2\/users\/1"}],"replies":[{"embeddable":true,"href":"https:\/\/www.dolvean.co.uk\/de\/wp-json\/wp\/v2\/comments?post=1557"}],"version-history":[{"count":2,"href":"https:\/\/www.dolvean.co.uk\/de\/wp-json\/wp\/v2\/pages\/1557\/revisions"}],"predecessor-version":[{"id":1784,"href":"https:\/\/www.dolvean.co.uk\/de\/wp-json\/wp\/v2\/pages\/1557\/revisions\/1784"}],"up":[{"embeddable":true,"href":"https:\/\/www.dolvean.co.uk\/de\/wp-json\/wp\/v2\/pages\/1551"}],"wp:attachment":[{"href":"https:\/\/www.dolvean.co.uk\/de\/wp-json\/wp\/v2\/media?parent=1557"}],"curies":[{"name":"wp","href":"https:\/\/api.w.org\/{rel}","templated":true}]}}