{"id":1559,"date":"2017-07-11T11:26:05","date_gmt":"2017-07-11T11:26:05","guid":{"rendered":"http:\/\/www.dolvean.co.uk\/?page_id=1559\/"},"modified":"2017-07-27T21:30:48","modified_gmt":"2017-07-27T21:30:48","slug":"dolvean-geschichte","status":"publish","type":"page","link":"https:\/\/www.dolvean.co.uk\/de\/ueber-dolvean\/dolvean-geschichte\/","title":{"rendered":"Dolvean Geschichte"},"content":{"rendered":"<p>Dolvean Haus wurde 1870 von Lord Kimberley erbaut. Dem Gro\u00dfgrundbesitzer geh\u00f6rte ein gro\u00dfer Anteil dieses Stadtteils inklusive einer kleinen Mine. Das Haus diente als Wohnsitz fur einen seiner gesch\u00e4tzten Verwalter. Das Geb\u00e4ude bestand damals rein aus dem vorderen Komplex. Es ist heute noch mit Regularien belegt, die die Nutzung des Hauses, sein Erscheinungsbild und Geb\u00e4ude\u00e4nderungen beschr\u00e4nken, auch wenn es nicht unter Denkmalschutz steht.<\/p>\n<p>W\u00e4hrend der Weltkriege wurde Dolvean Haus als &#8218;Erholungsheim&#8216; f\u00fcr Verletzte genutzt. 1960 erweiterten die damaligen Besitzer das Geb\u00e4ude um den hinteren Trakt und verwandelten es in eine Bed&amp;Breakfast Unterkunft mit 14 Zimmern.<\/p>\n<p>Seitdem hat das Haus schrittweise Verbesserungen nach den Hotelstandards erfahren und ist seit einigen Jahren entsprechend der Qualit\u00e4tskriterien von VisitBritain und AA (Automobile Association) Falmouth f\u00fcnf Sterne G\u00e4steunterkunft.<\/p>\n<p>Viele moderne hochwertige Einrichtungselemente bieten einen komfortablen Aufenthalt. Die urspr\u00fcnglichen viktorianischen Eigenheiten werden jedoch soweit wie m\u00f6glich erhalten. Die Hausfront spiegelt die typische viktorianische Architektur wider, wohingegen in den R\u00e4umen die originalen Kamine Charakter zeigen. Weniger auff\u00e4llig aber dennoch original sind auch die inwendigen h\u00f6lzernen Fensterl\u00e4den in Wohnzimmer und Fr\u00fchst\u00fccksraum. Aufregend war der Fund der originalen Dienstboten-Klingelanlage w\u00e4hrend Renovierungsarbeiten. In den Holzw\u00e4nden und unter den Holzdielen liegen noch die Str\u00e4nge und Verbindungsgelenke verborgen.<\/p>\n<p>In 2012 fanden wir heraus, dass der ber\u00fchmte Maler William A. Ingram, ein Freund von Henry Scott Tuke, f\u00fcr eine kurze Weile in unserem Haus wohnte. Das sch\u00f6ne, wenn auch kleine Bild \u2018Bathing, Gyllyngvase Beach\u2019 stammt von ihm, derzeit in der Austellung in der Falmouth Art Gallery. Wir haben einen Druck erworben, der in K\u00fcrze in unserem Wohnzimmer zu sehen sein wird.<\/p>\n","protected":false},"excerpt":{"rendered":"<p>Dolvean Haus wurde 1870 von Lord Kimberley erbaut. Dem Gro\u00dfgrundbesitzer geh\u00f6rte ein gro\u00dfer Anteil dieses Stadtteils inklusive einer kleinen Mine. Das Haus diente als Wohnsitz fur einen seiner gesch\u00e4tzten Verwalter. Das Geb\u00e4ude bestand damals rein aus dem vorderen Komplex. Es ist heute noch mit Regularien belegt, die die Nutzung des Hauses, sein Erscheinungsbild und Geb\u00e4ude\u00e4nderungen [&hellip;]<\/p>\n","protected":false},"author":1,"featured_media":1614,"parent":1551,"menu_order":0,"comment_status":"closed","ping_status":"closed","template":"","meta":{"_acf_changed":false,"footnotes":""},"class_list":["post-1559","page","type-page","status-publish","has-post-thumbnail","hentry"],"acf":[],"_links":{"self":[{"href":"https:\/\/www.dolvean.co.uk\/de\/wp-json\/wp\/v2\/pages\/1559","targetHints":{"allow":["GET"]}}],"collection":[{"href":"https:\/\/www.dolvean.co.uk\/de\/wp-json\/wp\/v2\/pages"}],"about":[{"href":"https:\/\/www.dolvean.co.uk\/de\/wp-json\/wp\/v2\/types\/page"}],"author":[{"embeddable":true,"href":"https:\/\/www.dolvean.co.uk\/de\/wp-json\/wp\/v2\/users\/1"}],"replies":[{"embeddable":true,"href":"https:\/\/www.dolvean.co.uk\/de\/wp-json\/wp\/v2\/comments?post=1559"}],"version-history":[{"count":1,"href":"https:\/\/www.dolvean.co.uk\/de\/wp-json\/wp\/v2\/pages\/1559\/revisions"}],"predecessor-version":[{"id":1560,"href":"https:\/\/www.dolvean.co.uk\/de\/wp-json\/wp\/v2\/pages\/1559\/revisions\/1560"}],"up":[{"embeddable":true,"href":"https:\/\/www.dolvean.co.uk\/de\/wp-json\/wp\/v2\/pages\/1551"}],"wp:featuredmedia":[{"embeddable":true,"href":"https:\/\/www.dolvean.co.uk\/de\/wp-json\/wp\/v2\/media\/1614"}],"wp:attachment":[{"href":"https:\/\/www.dolvean.co.uk\/de\/wp-json\/wp\/v2\/media?parent=1559"}],"curies":[{"name":"wp","href":"https:\/\/api.w.org\/{rel}","templated":true}]}}