{"id":1561,"date":"2017-07-11T11:42:34","date_gmt":"2017-07-11T11:42:34","guid":{"rendered":"http:\/\/www.dolvean.co.uk\/?page_id=1561\/"},"modified":"2023-08-27T15:18:21","modified_gmt":"2023-08-27T15:18:21","slug":"oeffentlicher-nahverkehr","status":"publish","type":"page","link":"https:\/\/www.dolvean.co.uk\/de\/ueber-dolvean\/oeffentlicher-nahverkehr\/","title":{"rendered":"\u00d6ffentlicher Nahverkehr"},"content":{"rendered":"<div class=\"content clearfix\">\n<div class=\"content\">\n<p>Viele Orte in Cornwall kann man bequem mit dem \u00f6ffentlichen Nahverkehr erreichen.<br \/>\nInformieren Sie sich \u00fcber Fahrpl\u00e4ne und Routen f\u00fcr Z\u00fcge, Busse und F\u00e4hren:<\/p>\n<ul>\n<li><a href=\"http:\/\/www.firstgreatwestern.co.uk\/\" target=\"_blank\" rel=\"noopener noreferrer\">First Great Western<\/a> &#8211; Hauptzugstrecke zwischen London und Penzance, f\u00fcr Falmouth in Truro aussteigen<\/li>\n<li><a href=\"https:\/\/www.firstbus.co.uk\/cornwall\/plan-journey\/timetables\" target=\"_blank\" rel=\"noopener noreferrer\">First Group<\/a> &#8211; Busse in Devon und Cornwall<\/li>\n<li><a href=\"https:\/\/www.falriver.co.uk\/ferries\/king-harry-ferry\/timetable\" target=\"_blank\" rel=\"noopener noreferrer\">King Harry Ferry<\/a> &#8211; alle F\u00e4hren in der Fal Flussm\u00fcndung<\/li>\n<\/ul>\n<h2>\u00d6ffentlicher Nahverkehr zu Dolvean House<\/h2>\n<p><strong>Mit dem Flugzeug<\/strong><\/p>\n<p>Der n\u00e4chst gelegene Flughafen zu Dolvean House ist <a href=\"http:\/\/www.cornwallairportnewquay.com\/\" target=\"_blank\" rel=\"noopener noreferrer\">Newquay airport <\/a>(St. Mawgan) in Cornwall.<br \/>\nEs gibt Flugverbindungen nach London und zu verschiedenen anderen St\u00e4dten innerhalb Gro\u00dfbritanniens.<\/p>\n<p>Derzeit werden von Flybe Fl\u00fcge zwischen D\u00fcsseldorf\u00a0 und Newquay oder Exeter angeboten, die allerdings in Manchester Zwischenstation machen.<br \/>\nDie beste Transferm\u00f6glichkeit von Newquay nach Falmouth, Dolvean ist per Taxi, allerdings gibt es auch eine l\u00e4ngere Busverbindung \u00fcber Newquay Stadt.<\/p>\n<p>Die n\u00e4chst gelegenen Flughafen sind:<\/p>\n<ul>\n<li>Newquay, ungef\u00e4hr 1 h Autofahrt entfernt<\/li>\n<li>Exeter, ungef\u00e4hr 2 h Autofahrt entfernt<\/li>\n<li>Bristol, ungef\u00e4hr 3 h Autofahrt entfernt<\/li>\n<\/ul>\n<p><strong>Mit dem Zug<\/strong><\/p>\n<p>Die Hauptzuglinie von London und den Midlands bringt Sie direkt nach Truro, von wo Sie weitere 20 Minuten in der Stichbahn nach Falmouth, Station Falmouth Town, fahren. Sie liegt 300m von Dolvean House entfernt.<br \/>\nInformieren Sie sich <a href=\"http:\/\/ojp.nationalrail.co.uk\/en\/s\/planjourney\/query\" target=\"_blank\" rel=\"noopener noreferrer\">hier<\/a> \u00fcber Fahrpl\u00e4ne und Routen.<\/p>\n<p><strong>Mit dem Bus<\/strong><\/p>\n<p>Die National Express Busse fahren Falmouth regelm\u00e4\u00dfig von anderen St\u00e4dten aus an. Ausstieg ist am Busbahnhof, anschlie\u00dfend nehmen Sie am Besten ein Taxi zu Dolvean House, (circa \u00a33).<br \/>\nInformieren Sie sich <a href=\"http:\/\/www.nationalexpress.com\/home.aspx\" target=\"_blank\" rel=\"noopener noreferrer\">hier<\/a> \u00fcber Fahrpl\u00e4ne und Routen.<\/p>\n<p><strong>Mit dem Auto\/Taxi<\/strong><\/p>\n<p>Wir k\u00f6nnen f\u00fcr Sie ein Taxi bestellen. Unsere lokale Firma ist <a href=\"http:\/\/www.donalds-cars.co.uk\/\" target=\"_blank\" rel=\"noopener noreferrer\">Donalds Cars<\/a>, die G\u00e4ste in exquisiten komfortablen silbernen Mercedessen fahren. Die Preise sind moderat.<\/p>\n<\/div>\n<\/div>\n","protected":false},"excerpt":{"rendered":"<p>Viele Orte in Cornwall kann man bequem mit dem \u00f6ffentlichen Nahverkehr erreichen. Informieren Sie sich \u00fcber Fahrpl\u00e4ne und Routen f\u00fcr Z\u00fcge, Busse und F\u00e4hren: First Great Western &#8211; Hauptzugstrecke zwischen London und Penzance, f\u00fcr Falmouth in Truro aussteigen First Group &#8211; Busse in Devon und Cornwall King Harry Ferry &#8211; alle F\u00e4hren in der Fal [&hellip;]<\/p>\n","protected":false},"author":1,"featured_media":0,"parent":1551,"menu_order":0,"comment_status":"closed","ping_status":"closed","template":"","meta":{"_acf_changed":false,"footnotes":""},"class_list":["post-1561","page","type-page","status-publish","hentry"],"acf":[],"_links":{"self":[{"href":"https:\/\/www.dolvean.co.uk\/de\/wp-json\/wp\/v2\/pages\/1561","targetHints":{"allow":["GET"]}}],"collection":[{"href":"https:\/\/www.dolvean.co.uk\/de\/wp-json\/wp\/v2\/pages"}],"about":[{"href":"https:\/\/www.dolvean.co.uk\/de\/wp-json\/wp\/v2\/types\/page"}],"author":[{"embeddable":true,"href":"https:\/\/www.dolvean.co.uk\/de\/wp-json\/wp\/v2\/users\/1"}],"replies":[{"embeddable":true,"href":"https:\/\/www.dolvean.co.uk\/de\/wp-json\/wp\/v2\/comments?post=1561"}],"version-history":[{"count":5,"href":"https:\/\/www.dolvean.co.uk\/de\/wp-json\/wp\/v2\/pages\/1561\/revisions"}],"predecessor-version":[{"id":2364,"href":"https:\/\/www.dolvean.co.uk\/de\/wp-json\/wp\/v2\/pages\/1561\/revisions\/2364"}],"up":[{"embeddable":true,"href":"https:\/\/www.dolvean.co.uk\/de\/wp-json\/wp\/v2\/pages\/1551"}],"wp:attachment":[{"href":"https:\/\/www.dolvean.co.uk\/de\/wp-json\/wp\/v2\/media?parent=1561"}],"curies":[{"name":"wp","href":"https:\/\/api.w.org\/{rel}","templated":true}]}}