{"id":1563,"date":"2017-07-11T11:26:23","date_gmt":"2017-07-11T11:26:23","guid":{"rendered":"http:\/\/www.dolvean.co.uk\/?page_id=1563\/"},"modified":"2017-10-11T13:31:42","modified_gmt":"2017-10-11T13:31:42","slug":"viktorianischer-garten","status":"publish","type":"page","link":"https:\/\/www.dolvean.co.uk\/de\/ueber-dolvean\/viktorianischer-garten\/","title":{"rendered":"Viktorianischer Garten"},"content":{"rendered":"<p>Ein kleiner viktorianischer Garten liegt hinter dem Haus. Er ist f\u00fcr G\u00e4ste offen und bietet an hei\u00dfen Sommertagen einen wunderbaren Schattenplatz. Obwohl die Nordlage die Auswahl an Pflanzen begrenzt, kann man \u00fcber 70 verschiedene Arten finden. Von Januar bis Dezember ist stets etwas in Bl\u00fcte oder tr\u00e4gt interessante Fr\u00fcchte.<\/p>\n<p>Die Viktorianer liebten den italienischen Stil und so ist auch unser Minigarten passend zum Haus als kleiner typischer italienischer Garten angelegt mit Springbrunnen und Kieselfl\u00e4che umgeben von Pflanzbeeten. Die schattigste Ecke zwischen den Mauern ist eine Miniatur &#8217;stumpery&#8216; (=verottende Baumst\u00fcmpfe), ein beliebtes Element des melancholisch viktorianischen Gartens, in dem sich vor allem Baumfarne, Christrosen und Klematis wohl f\u00fchlen. Auf der sonnigeren Seite findet man einen Lorbeerbaum, orientalische Lilien, einen Azara Baum, reichlich afrikanische Schmucklilien und vieles mehr.<\/p>\n<p>Zahlreiche V\u00f6gel f\u00fchlen sich in unserem G\u00e4rtchen wohl und nutzen es flei\u00dfig zum nisten. Regelm\u00e4\u00dfige G\u00e4ste sind Kohl-, Blau- und Schwanzmeisen, Rotkehlchen, Zaunk\u00f6nige, Kleiber und Singdrosseln, manchmal auch Eichelh\u00e4her und Schw\u00e4rme von Staren. Auch Sie k\u00f6nnen den Vogelschutz (<a href=\"https:\/\/www.rspb.org.uk\/\">RSPB<\/a>) unterst\u00fctzten und bei uns einen kleinen Vogel-Anstecker erwerben.<\/p>\n<p>Wir sind stolz auf unseren 2010 Bronze Award von Britain in Bloom in der Kategorie &#8218;Kleine Gasth\u00e4user in Falmouth&#8216;.<\/p>\n<p>Das verdanken wir vor allem unserem Vorgarten, der das ganze Jahr \u00fcber ein farbenfrohes Bl\u00fctenspektakel bietet. Im Fr\u00fchling \u00f6ffnen an die 500 Fr\u00fchlingsbl\u00fcher ihre Kelche (Osterglocken, Traubenhyazinthen, Schneegl\u00f6ckchen und Hyacinthen). Dazu erfreuen eine Auswahl an englischen und subtropischen Str\u00e4uchern (Ilex, Fatsia, Fuchsien, Jasmin, Clematis, rosa Hortensie und blaue Tellerhortensie) und nicht zuletzt das wunderbare Rosenbeet unter den Cordylineb\u00e4umen das Auge.<\/p>\n","protected":false},"excerpt":{"rendered":"<p>Ein kleiner viktorianischer Garten liegt hinter dem Haus. Er ist f\u00fcr G\u00e4ste offen und bietet an hei\u00dfen Sommertagen einen wunderbaren Schattenplatz. Obwohl die Nordlage die Auswahl an Pflanzen begrenzt, kann man \u00fcber 70 verschiedene Arten finden. Von Januar bis Dezember ist stets etwas in Bl\u00fcte oder tr\u00e4gt interessante Fr\u00fcchte. Die Viktorianer liebten den italienischen Stil [&hellip;]<\/p>\n","protected":false},"author":1,"featured_media":0,"parent":1551,"menu_order":0,"comment_status":"closed","ping_status":"closed","template":"","meta":{"_acf_changed":false,"footnotes":""},"class_list":["post-1563","page","type-page","status-publish","hentry"],"acf":[],"_links":{"self":[{"href":"https:\/\/www.dolvean.co.uk\/de\/wp-json\/wp\/v2\/pages\/1563","targetHints":{"allow":["GET"]}}],"collection":[{"href":"https:\/\/www.dolvean.co.uk\/de\/wp-json\/wp\/v2\/pages"}],"about":[{"href":"https:\/\/www.dolvean.co.uk\/de\/wp-json\/wp\/v2\/types\/page"}],"author":[{"embeddable":true,"href":"https:\/\/www.dolvean.co.uk\/de\/wp-json\/wp\/v2\/users\/1"}],"replies":[{"embeddable":true,"href":"https:\/\/www.dolvean.co.uk\/de\/wp-json\/wp\/v2\/comments?post=1563"}],"version-history":[{"count":4,"href":"https:\/\/www.dolvean.co.uk\/de\/wp-json\/wp\/v2\/pages\/1563\/revisions"}],"predecessor-version":[{"id":1889,"href":"https:\/\/www.dolvean.co.uk\/de\/wp-json\/wp\/v2\/pages\/1563\/revisions\/1889"}],"up":[{"embeddable":true,"href":"https:\/\/www.dolvean.co.uk\/de\/wp-json\/wp\/v2\/pages\/1551"}],"wp:attachment":[{"href":"https:\/\/www.dolvean.co.uk\/de\/wp-json\/wp\/v2\/media?parent=1563"}],"curies":[{"name":"wp","href":"https:\/\/api.w.org\/{rel}","templated":true}]}}