{"id":1565,"date":"2017-06-20T11:03:17","date_gmt":"2017-06-20T11:03:17","guid":{"rendered":"http:\/\/www.dolvean.co.uk\/?page_id=1565\/"},"modified":"2018-02-09T22:13:53","modified_gmt":"2018-02-09T22:13:53","slug":"fruehstueck","status":"publish","type":"page","link":"https:\/\/www.dolvean.co.uk\/de\/ueber-dolvean\/fruehstueck\/","title":{"rendered":"Fr\u00fchst\u00fcck"},"content":{"rendered":"<p>Starten Sie in den Tag mit dem typischen kornischen Fr\u00fchst\u00fcck, bereichert durch ein kleines deutsches Extra.<br \/>\nDas kornische Fr\u00fchst\u00fcck besteht aus gegrillten W\u00fcrstchen, Schinkenspeck, wei\u00dfen Bohnen, gegrillter Tomate, gebratenen Pilzen und einem Ei ihrer Wahl (Spiegel-, R\u00fchr- oder prochiertem Ei). Alle Gerichte sind frisch auf Bestellung zubereitet und sowie verf\u00fcgbar verwenden wir die feinsten kornischen Produkte. Fleisch servieren wir gegrillt, um zus\u00e4tzliches Fett zu vermeiden. Wir verwenden ausschlie\u00dflich Sonnenblumen\u00f6l.<\/p>\n<p>Mit Renate als Ern\u00e4hrungswissenschaftlerin m\u00f6chten wir Ihnen ein ausgesprochen k\u00f6stliches und zugleich gesundes Fr\u00fchst\u00fcck anbieten. Vegetarische, Gluten-freie und Lactose-freie Produkte sind stets vorhanden. Wir halten auch gerne Ihre gew\u00fcnschten Spezialprodukte vor, wenn Sie uns rechtzeitig Bescheid geben.<\/p>\n<p>Ausgezeichnet von VisitEngland mit dem <a href=\"\/bed-breakfast\/awards\/\">Breakfast Award<\/a>.<\/p>\n<h2>Fr\u00fchst\u00fcck<\/h2>\n<h3>Das Buffet<\/h3>\n<ul>\n<li>Auswahl an Getreidem\u00fcslis<\/li>\n<li>verschiedene Fruchts\u00e4fte<\/li>\n<li>t\u00e4glich frischer Obstsalat<\/li>\n<li>hausgemachtes \u2018Bircher M\u00fcsli\u2019<\/li>\n<li>Grapefruit-Spalten und<\/li>\n<li>getrocknete Pflaumen in Saft<\/li>\n<li>West Country Yoghurts<\/li>\n<li>N\u00fcsse &amp; Saaten Mix<\/li>\n<\/ul>\n<h3>Die kontinentale Auswahl<\/h3>\n<ul>\n<li>lokaler und kontinentaler K\u00e4se<\/li>\n<li>und Aufschnitt<\/li>\n<li>Croissants und Br\u00f6tchen<\/li>\n<li>Schwarzbrot<\/li>\n<\/ul>\n<h3>Frisch zubereitet nach Bestellung<\/h3>\n<ul>\n<li>ger\u00e4ucherter Schellfisch &amp;<\/li>\n<li>porchiertes Ei<\/li>\n<li>voll kornisches Fr\u00fchst\u00fcck<\/li>\n<li>Eier, porchiert, ger\u00fchrt oder gekocht<\/li>\n<li>getoastete s\u00fc\u00dfe Saffran Br\u00f6tchen mit Erdbeermarmelade<\/li>\n<\/ul>\n<p>Wir stellen Ihnen auch gerne ein &#8222;Butterbrotpaket&#8220; zusammen f\u00fcr Ihren Ausflugstag. Geben Sie uns einfach am Vorabend Bescheid.<\/p>\n","protected":false},"excerpt":{"rendered":"<p>Starten Sie in den Tag mit dem typischen kornischen Fr\u00fchst\u00fcck, bereichert durch ein kleines deutsches Extra. Das kornische Fr\u00fchst\u00fcck besteht aus gegrillten W\u00fcrstchen, Schinkenspeck, wei\u00dfen Bohnen, gegrillter Tomate, gebratenen Pilzen und einem Ei ihrer Wahl (Spiegel-, R\u00fchr- oder prochiertem Ei). Alle Gerichte sind frisch auf Bestellung zubereitet und sowie verf\u00fcgbar verwenden wir die feinsten kornischen [&hellip;]<\/p>\n","protected":false},"author":1,"featured_media":1633,"parent":1551,"menu_order":12,"comment_status":"closed","ping_status":"closed","template":"","meta":{"_acf_changed":false,"footnotes":""},"class_list":["post-1565","page","type-page","status-publish","has-post-thumbnail","hentry"],"acf":[],"_links":{"self":[{"href":"https:\/\/www.dolvean.co.uk\/de\/wp-json\/wp\/v2\/pages\/1565","targetHints":{"allow":["GET"]}}],"collection":[{"href":"https:\/\/www.dolvean.co.uk\/de\/wp-json\/wp\/v2\/pages"}],"about":[{"href":"https:\/\/www.dolvean.co.uk\/de\/wp-json\/wp\/v2\/types\/page"}],"author":[{"embeddable":true,"href":"https:\/\/www.dolvean.co.uk\/de\/wp-json\/wp\/v2\/users\/1"}],"replies":[{"embeddable":true,"href":"https:\/\/www.dolvean.co.uk\/de\/wp-json\/wp\/v2\/comments?post=1565"}],"version-history":[{"count":1,"href":"https:\/\/www.dolvean.co.uk\/de\/wp-json\/wp\/v2\/pages\/1565\/revisions"}],"predecessor-version":[{"id":1566,"href":"https:\/\/www.dolvean.co.uk\/de\/wp-json\/wp\/v2\/pages\/1565\/revisions\/1566"}],"up":[{"embeddable":true,"href":"https:\/\/www.dolvean.co.uk\/de\/wp-json\/wp\/v2\/pages\/1551"}],"wp:featuredmedia":[{"embeddable":true,"href":"https:\/\/www.dolvean.co.uk\/de\/wp-json\/wp\/v2\/media\/1633"}],"wp:attachment":[{"href":"https:\/\/www.dolvean.co.uk\/de\/wp-json\/wp\/v2\/media?parent=1565"}],"curies":[{"name":"wp","href":"https:\/\/api.w.org\/{rel}","templated":true}]}}