{"id":1567,"date":"2017-06-20T11:03:17","date_gmt":"2017-06-20T11:03:17","guid":{"rendered":"http:\/\/www.dolvean.co.uk\/?page_id=1567\/"},"modified":"2017-10-11T16:11:22","modified_gmt":"2017-10-11T16:11:22","slug":"falmouth-cornwall","status":"publish","type":"page","link":"https:\/\/www.dolvean.co.uk\/de\/falmouth-cornwall\/","title":{"rendered":"Falmouth &#038; Cornwall"},"content":{"rendered":"<p>Cornwall ist die s\u00fcd-westlichste Landspitze von Gro\u00dfbritannien, eine bekannte Urlaubsregion und eine wundervolle Region zum Leben.<\/p>\n<p>Bekannte internationale und nationale TV Serien sind in Cornwall und der angrenzenden Grafschaft Devon gedreht worden und zeigen regelm\u00e4\u00dfig Landschaftsszenen beider L\u00e4nder. Die Kriminalserie \u2018Wycliffe\u2019 spielt \u00fcberall in Cornwall, wohingegen sich die Arztkom\u00f6die \u2018Doc Martin\u2019 auf Port Isaac an der Nordk\u00fcste konzentriert. Kornische Herrenh\u00e4user und G\u00e4rten bilden den Hintergrund f\u00fcr die meisten Liebesfilme von Rosamunde Pilcher. Die 80-j\u00e4hrige kornische Autorin lebt mittlerweile in Schottland und ist &#8218;verantwortlich&#8216; f\u00fcr die Scharen von deutschen Pilcher-Cornwall-Fans, die sich Jahr f\u00fcr Jahr die Dreh-Schaupl\u00e4tze vor Ort anschauen.<\/p>\n<p>Nicht zu vergessen die ber\u00fchmte kornische Autorin Daphne du Maurier, deren Romane \u2018Rebecca\u2019, \u2018Jamaica Inn\u2019 und &#8218;Die V\u00f6gel\u2019 sogar Alfred Hitchcock zu Filmen inspirierten. Kein Wunder, dass es die Menschen nach Cornwall zieht, um zu genie\u00dfen: Die rauhe Felslandschaft am Lizard, die fantastischen Surfwellen an der Nordk\u00fcste, die beeindruckenden Aussichten auf den Hochkliffs des S\u00fcd-West K\u00fcstenpfads, den Blick auf die Scilly Inseln 40 km \u00f6stlich von Lands End, Sonnenbaden auf einem goldenen Sandstrand, oder einfach guten \u2018Fish \u2018n Chips\u2019 mit einem k\u00f6stlichen Ale in einem alten reedgedeckten Pub in einem entlegenem Fischerdorf.<\/p>\n<p>Cornwall hat eine interessante Geschichte, die zu Erkunden es wert ist. Der Zinnbergbau machte Cornwall einst zur reichsten Grafschaft in England, wenn nicht sogar in Europa. Die \u00dcberbleibsel dieser Aera, Ruinen der Dampfmaschinen-H\u00e4user, findet man \u00fcberall in Cornwall und die Bergwerkmuseen veranschaulichen das harte Leben der Bergleute eindrucksvoll.<\/p>\n<p>Heutzutage ist Cornwall immer noch ein K\u00fcnstlerparadies, besonders in St. Ives, wo K\u00fcnstler wie Barbara Hepworth, Ben Nicholson, William Turner und B. Leach die Avantgarde des 20. Jahrhunderts mit begr\u00fcndeten. Viele K\u00fcnstlerstudios und Kreise folgen noch heute der Tradition.<\/p>\n","protected":false},"excerpt":{"rendered":"<p>Cornwall ist die s\u00fcd-westlichste Landspitze von Gro\u00dfbritannien, eine bekannte Urlaubsregion und eine wundervolle Region zum Leben. Bekannte internationale und nationale TV Serien sind in Cornwall und der angrenzenden Grafschaft Devon gedreht worden und zeigen regelm\u00e4\u00dfig Landschaftsszenen beider L\u00e4nder. Die Kriminalserie \u2018Wycliffe\u2019 spielt \u00fcberall in Cornwall, wohingegen sich die Arztkom\u00f6die \u2018Doc Martin\u2019 auf Port Isaac an [&hellip;]<\/p>\n","protected":false},"author":1,"featured_media":1616,"parent":0,"menu_order":3,"comment_status":"closed","ping_status":"closed","template":"","meta":{"_acf_changed":false,"footnotes":""},"class_list":["post-1567","page","type-page","status-publish","has-post-thumbnail","hentry"],"acf":[],"_links":{"self":[{"href":"https:\/\/www.dolvean.co.uk\/de\/wp-json\/wp\/v2\/pages\/1567","targetHints":{"allow":["GET"]}}],"collection":[{"href":"https:\/\/www.dolvean.co.uk\/de\/wp-json\/wp\/v2\/pages"}],"about":[{"href":"https:\/\/www.dolvean.co.uk\/de\/wp-json\/wp\/v2\/types\/page"}],"author":[{"embeddable":true,"href":"https:\/\/www.dolvean.co.uk\/de\/wp-json\/wp\/v2\/users\/1"}],"replies":[{"embeddable":true,"href":"https:\/\/www.dolvean.co.uk\/de\/wp-json\/wp\/v2\/comments?post=1567"}],"version-history":[{"count":1,"href":"https:\/\/www.dolvean.co.uk\/de\/wp-json\/wp\/v2\/pages\/1567\/revisions"}],"predecessor-version":[{"id":1568,"href":"https:\/\/www.dolvean.co.uk\/de\/wp-json\/wp\/v2\/pages\/1567\/revisions\/1568"}],"wp:featuredmedia":[{"embeddable":true,"href":"https:\/\/www.dolvean.co.uk\/de\/wp-json\/wp\/v2\/media\/1616"}],"wp:attachment":[{"href":"https:\/\/www.dolvean.co.uk\/de\/wp-json\/wp\/v2\/media?parent=1567"}],"curies":[{"name":"wp","href":"https:\/\/api.w.org\/{rel}","templated":true}]}}