{"id":1569,"date":"2017-07-11T11:31:11","date_gmt":"2017-07-11T11:31:11","guid":{"rendered":"http:\/\/www.dolvean.co.uk\/?page_id=1569\/"},"modified":"2017-07-14T13:38:41","modified_gmt":"2017-07-14T13:38:41","slug":"ziele-der-umgebung","status":"publish","type":"page","link":"https:\/\/www.dolvean.co.uk\/de\/falmouth-cornwall\/ziele-der-umgebung\/","title":{"rendered":"Ziele in der Umgebung"},"content":{"rendered":"<h3>In k\u00fcrzester Zeit durch Cornwall<\/h3>\n<p>Die Sch\u00f6nheit von Cornwall liegt in seiner wundervollen Landschaft, den schmalen ummauerten Stra\u00dfen und kurvigen K\u00fcstenstrecken. Untersch\u00e4tzen Sie jedoch bei Ihrer Tagesplanung nicht die Entfernungen und den Verkehr. Besonderns in der Sommer- und Urlaubszeit sind sehr viele Menschen in Cornwall unterwegs.<\/p>\n<p>Wir haben die \u00fcblichen Fahrzeiten mit dem Auto fur Sie zusammen gestellt, von Falmouth nach &#8230;<\/p>\n<div class=\"table-container\">\n<table border=\"0\" cellspacing=\"0\" cellpadding=\"0\">\n<tbody>\n<tr>\n<td><strong>Town<\/strong><\/td>\n<td><strong>To see<\/strong><\/td>\n<td><strong>Time<\/strong><\/td>\n<\/tr>\n<tr>\n<td>Truro<\/td>\n<td>Cathedral, nice shops<\/td>\n<td>0.5 h<\/td>\n<\/tr>\n<tr>\n<td>Helford River<\/td>\n<td>Helford River, Frenchman\u2019s Creek, Trebah\/Glendurgan Garden<\/td>\n<td>0.5 h<\/td>\n<\/tr>\n<tr>\n<td>Lizard Point<\/td>\n<td>Lizard Point, Cadgwith fishing village<\/td>\n<td>0.75h<\/td>\n<\/tr>\n<tr>\n<td>Penzance<\/td>\n<td>Penzance, Trengwainton Garden, St Michael\u2019s Mount<\/td>\n<td>1 h<\/td>\n<\/tr>\n<tr>\n<td>Land\u2019s End<\/td>\n<td>Land\u2019s End, Porthcurno Telegraph Museum, Minack Theatre<\/td>\n<td>1.5 h<\/td>\n<\/tr>\n<tr>\n<td>St Ives<\/td>\n<td>St. Ives, Chysauster<\/td>\n<td>1 h<\/td>\n<\/tr>\n<tr>\n<td>Newquay<\/td>\n<td>Newquay, surf beaches, airport<\/td>\n<td>1 h<\/td>\n<\/tr>\n<tr>\n<td>Padstow<\/td>\n<td>Padstow estuary, Prideaux Place<\/td>\n<td>1.25 h<\/td>\n<\/tr>\n<tr>\n<td>Tintagel<\/td>\n<td>Tintagel castle, Boscastle village<\/td>\n<td>1.5 h<\/td>\n<\/tr>\n<tr>\n<td>Bodmin<\/td>\n<td>Bodmin, Moor<\/td>\n<td>1 h<\/td>\n<\/tr>\n<tr>\n<td>Fowey<\/td>\n<td>Fowey<\/td>\n<td>1.25 h<\/td>\n<\/tr>\n<tr>\n<td>St Austell<\/td>\n<td>Eden project, Heligan Garden, Mevagissey fishing town<\/td>\n<td>1 h<\/td>\n<\/tr>\n<\/tbody>\n<\/table>\n<\/div>\n<h3>Befreien Sie sich. Nutzen Sie Bus &amp; Bahn<\/h3>\n<p>\u00c4rgern Sie sich nicht \u00fcber volle Parkpl\u00e4tze und teure Geb\u00fchren, Verkehrsstaus in den Ferien und langsame Kartoffel-Transporte im Herbst. Wir empfehlen<\/p>\n<ul>\n<li>Lelant-Saltings to St Ives coastal train with Park &amp; Ride<\/li>\n<li>Scenic bus around the Land&#8217;s End Peninsula No. 300<\/li>\n<li>the Ferries in the Fal estuary to Truro, Trelissick Garden, Smuggler&#8217;s Cottage, Flushing and St. Mawes<\/li>\n<li>Branchline train Falmouth &#8211; Truro<\/li>\n<li>Park and Float in Falmouth<\/li>\n<li>Western Greyhound bus service<\/li>\n<\/ul>\n<p><a href=\"\/bed-breakfast\/public-transport\/\">Fahrpl\u00e4ne und Routen fur den \u00f6ffentlichen Verkehr.<\/a><\/p>\n<h3>L\u00e4ngere Entfernungen<\/h3>\n<p>Wie weit und wie lang von Falmouth nach&#8230; (\u00fcbliche Zeiten)<\/p>\n<div class=\"table-container\">\n<table border=\"0\" cellspacing=\"0\" cellpadding=\"0\">\n<tbody>\n<tr>\n<td>Plymouth<\/td>\n<td>60m<\/td>\n<td>100km<\/td>\n<td>1.25h<\/td>\n<\/tr>\n<tr>\n<td>Exeter<\/td>\n<td>100m<\/td>\n<td>160km<\/td>\n<td>2h<\/td>\n<\/tr>\n<tr>\n<td>Bristol<\/td>\n<td>150m<\/td>\n<td>250km<\/td>\n<td>3h<\/td>\n<\/tr>\n<tr>\n<td>Bath<\/td>\n<td>185m<\/td>\n<td>300km<\/td>\n<td>4h<\/td>\n<\/tr>\n<tr>\n<td>Birmingham<\/td>\n<td>260m<\/td>\n<td>420km<\/td>\n<td>5.25h<\/td>\n<\/tr>\n<tr>\n<td>London Airports<\/td>\n<td>290m<\/td>\n<td>450km<\/td>\n<td>5.5 h<\/td>\n<\/tr>\n<tr>\n<td>Central London<\/td>\n<td>300m<\/td>\n<td>460km<\/td>\n<td>6 h<\/td>\n<\/tr>\n<tr>\n<td>Dover<\/td>\n<td>350m<\/td>\n<td>560km<\/td>\n<td>7h<\/td>\n<\/tr>\n<\/tbody>\n<\/table>\n<\/div>\n","protected":false},"excerpt":{"rendered":"<p>In k\u00fcrzester Zeit durch Cornwall Die Sch\u00f6nheit von Cornwall liegt in seiner wundervollen Landschaft, den schmalen ummauerten Stra\u00dfen und kurvigen K\u00fcstenstrecken. Untersch\u00e4tzen Sie jedoch bei Ihrer Tagesplanung nicht die Entfernungen und den Verkehr. Besonderns in der Sommer- und Urlaubszeit sind sehr viele Menschen in Cornwall unterwegs. Wir haben die \u00fcblichen Fahrzeiten mit dem Auto fur [&hellip;]<\/p>\n","protected":false},"author":1,"featured_media":0,"parent":1567,"menu_order":0,"comment_status":"closed","ping_status":"closed","template":"","meta":{"_acf_changed":false,"footnotes":""},"class_list":["post-1569","page","type-page","status-publish","hentry"],"acf":[],"_links":{"self":[{"href":"https:\/\/www.dolvean.co.uk\/de\/wp-json\/wp\/v2\/pages\/1569","targetHints":{"allow":["GET"]}}],"collection":[{"href":"https:\/\/www.dolvean.co.uk\/de\/wp-json\/wp\/v2\/pages"}],"about":[{"href":"https:\/\/www.dolvean.co.uk\/de\/wp-json\/wp\/v2\/types\/page"}],"author":[{"embeddable":true,"href":"https:\/\/www.dolvean.co.uk\/de\/wp-json\/wp\/v2\/users\/1"}],"replies":[{"embeddable":true,"href":"https:\/\/www.dolvean.co.uk\/de\/wp-json\/wp\/v2\/comments?post=1569"}],"version-history":[{"count":1,"href":"https:\/\/www.dolvean.co.uk\/de\/wp-json\/wp\/v2\/pages\/1569\/revisions"}],"predecessor-version":[{"id":1570,"href":"https:\/\/www.dolvean.co.uk\/de\/wp-json\/wp\/v2\/pages\/1569\/revisions\/1570"}],"up":[{"embeddable":true,"href":"https:\/\/www.dolvean.co.uk\/de\/wp-json\/wp\/v2\/pages\/1567"}],"wp:attachment":[{"href":"https:\/\/www.dolvean.co.uk\/de\/wp-json\/wp\/v2\/media?parent=1569"}],"curies":[{"name":"wp","href":"https:\/\/api.w.org\/{rel}","templated":true}]}}