{"id":1571,"date":"2017-07-11T11:29:38","date_gmt":"2017-07-11T11:29:38","guid":{"rendered":"http:\/\/www.dolvean.co.uk\/?page_id=1571\/"},"modified":"2017-07-27T21:35:37","modified_gmt":"2017-07-27T21:35:37","slug":"sehenswuerdigkeiten","status":"publish","type":"page","link":"https:\/\/www.dolvean.co.uk\/de\/falmouth-cornwall\/sehenswuerdigkeiten\/","title":{"rendered":"Sehensw\u00fcrdigkeiten"},"content":{"rendered":"<p>Falmouth liegt in der Mitte von Cornwall an der S\u00fcdk\u00fcste und ist damit ein idealer Startpunkt f\u00fcr Ihre Ausfl\u00fcge. Sein Hafen ist der nat\u00fcrlich dritttiefste Hafen der Welt und tief verwurzelt in der Marinegeschichte. Die Stadt bietet eine gesch\u00e4ftige Hafenszene, tropische G\u00e4rten, Sandstr\u00e4nde und einmalig sch\u00f6ne Landschaften.<\/p>\n<p>Die historische Festung Pendennis Castle \u00fcberblickt die Stadt und bietet zugleich einen fantastischen Aussichtspunkt. Zusammen mit St Mawes Castle auf der anderen Flussseite diente es der Verteidigung des Hafens gegen\u00fcber Feinden. Das Nationale Maritim Museum in Cornwall ist ein Ableger des Londener Museums in Greenwich mit einer immensen Kollektion an lokalen nautischen Gegenst\u00e4nden. Nahe zu Falmouth befinden sich die G\u00e4rten Trebah, Glendurgan und Trelissick.<\/p>\n<p>Unternehmen Sie einen Ausflug per Boot: Entweder mit der F\u00e4hre auf die andere Flussseite nach Flushing oder St. Mawes. Oder mit dem Ausflugsboot nach Truro oder quer \u00fcber die Bucht in den Helford Fluss und Frenchman&#8217;s Creek.<br \/>\nDie Abenteurer k\u00f6nnen sich an Scuba Tauchen, Windsport, Segeln, Motorboot, oder sogar einem Morgan Sportauto versuchen. Entspannen Sie auf unserem sicheren Blue Flag Gyllyngvase Sandstrand und beobachten Sie gem\u00fctlich das Kommen und Gehen der Schiffe in Bucht und Hafen. Vielleicht sehen Sie ja sogar ein Kreuzfahrtschiff oder historisches Segelschiff.<br \/>\nIn Richtung Norden von Cornwall finden Sie das erstaunliche Eden Projekt oder den ber\u00fchmten Verlorenen Garten von Heligan. W\u00e4hrend Sie in St Austell sind, lohnt sich ein Blick in den h\u00fcbschen kleinen Hafen von Charlestown. Etwas weiter n\u00f6rdlich liegen die Stadt Bodmin und die Wenford Dampfeisenbahn, sowie Lanhydrock Haus (National Trust).<\/p>\n<p>Im S\u00fcden erstreckt sich die rauhe Sch\u00f6nheit der Lizard Halbinsel, auf der auch die Satelliten Station Goonhilly angelegt ist. Auf dem Weg dorthin passieren Sie die Marine Luftwaffen Station R.N.A.S. Culdrose. Rund um die K\u00fcste am Lizard gibt es eine Reihe von malerischen Fischerd\u00f6rfern und Buchten zu erkunden. Zu empfehlen sind Coverack, Cadgwith, Kynance Cove sowie Church Cove und Dollar Cove an der Lizard Westseite. Dort gibt es auch einen exzellenten Pub namens Halzephron Inn. F\u00fcr den Nachtisch lohnt sich noch ein Besuch bei Roskilly&#8217;s St. Keverne, dem biologischen Bauernhof, der k\u00f6stliches Eis herstellt.<\/p>\n<p>Westw\u00e4rts erleben Sie auf dem Weg nach Penzance den majest\u00e4tischen St Michaels Berg. Machen Sie einen kurzen Abstecher in das verwunschene Fischerdorf &#8218;Mauseloch&#8216;, bevor Sie das legend\u00e4re Land&#8217;s End erreichen. Eine Gelegenheit f\u00fcr eine unvergessene Auff\u00fchrung im Klippentheater Minack theatre. Kommunikationstechnik hat in Porthcurno Geschichte geschrieben, das Porthcurno telegraph museum zeigt die verborgenen Tunnel, von denen aus die ersten \u00dcberseekabel nach Amerika verlegt wurden. Das malerische St Ives ist nach wie vor Magnet fur Kunstinteressierte und lockt mit einer Dependance der Modern Tate Gallery.<\/p>\n<p>Erleben Sie das kornische Tierleben ganz nah in der Seehund Aufzuchtstation National Seal Sanctuary in Gweek oder schwingen Sie sich mit dem Hubschrauber in die L\u00fcfte zu einem Tagesausflug auf die mediterran anmutenden Scilly Inseln.<\/p>\n<p>Und da ist so viel mehr zu sehen ..<\/p>\n<p>Informieren Sie sich bei uns im Haus oder bei der Cornwall Association of Attractions (CATA.) und im Garten-Katalog Cornwalls Garten.<\/p>\n","protected":false},"excerpt":{"rendered":"<p>Falmouth liegt in der Mitte von Cornwall an der S\u00fcdk\u00fcste und ist damit ein idealer Startpunkt f\u00fcr Ihre Ausfl\u00fcge. Sein Hafen ist der nat\u00fcrlich dritttiefste Hafen der Welt und tief verwurzelt in der Marinegeschichte. Die Stadt bietet eine gesch\u00e4ftige Hafenszene, tropische G\u00e4rten, Sandstr\u00e4nde und einmalig sch\u00f6ne Landschaften. Die historische Festung Pendennis Castle \u00fcberblickt die Stadt [&hellip;]<\/p>\n","protected":false},"author":1,"featured_media":1636,"parent":1567,"menu_order":0,"comment_status":"closed","ping_status":"closed","template":"","meta":{"_acf_changed":false,"footnotes":""},"class_list":["post-1571","page","type-page","status-publish","has-post-thumbnail","hentry"],"acf":[],"_links":{"self":[{"href":"https:\/\/www.dolvean.co.uk\/de\/wp-json\/wp\/v2\/pages\/1571","targetHints":{"allow":["GET"]}}],"collection":[{"href":"https:\/\/www.dolvean.co.uk\/de\/wp-json\/wp\/v2\/pages"}],"about":[{"href":"https:\/\/www.dolvean.co.uk\/de\/wp-json\/wp\/v2\/types\/page"}],"author":[{"embeddable":true,"href":"https:\/\/www.dolvean.co.uk\/de\/wp-json\/wp\/v2\/users\/1"}],"replies":[{"embeddable":true,"href":"https:\/\/www.dolvean.co.uk\/de\/wp-json\/wp\/v2\/comments?post=1571"}],"version-history":[{"count":2,"href":"https:\/\/www.dolvean.co.uk\/de\/wp-json\/wp\/v2\/pages\/1571\/revisions"}],"predecessor-version":[{"id":1647,"href":"https:\/\/www.dolvean.co.uk\/de\/wp-json\/wp\/v2\/pages\/1571\/revisions\/1647"}],"up":[{"embeddable":true,"href":"https:\/\/www.dolvean.co.uk\/de\/wp-json\/wp\/v2\/pages\/1567"}],"wp:featuredmedia":[{"embeddable":true,"href":"https:\/\/www.dolvean.co.uk\/de\/wp-json\/wp\/v2\/media\/1636"}],"wp:attachment":[{"href":"https:\/\/www.dolvean.co.uk\/de\/wp-json\/wp\/v2\/media?parent=1571"}],"curies":[{"name":"wp","href":"https:\/\/api.w.org\/{rel}","templated":true}]}}