{"id":1578,"date":"2017-06-20T11:06:58","date_gmt":"2017-06-20T11:06:58","guid":{"rendered":"http:\/\/www.dolvean.co.uk\/?page_id=1578\/"},"modified":"2021-09-17T12:14:51","modified_gmt":"2021-09-17T12:14:51","slug":"allgemeine-geschaeftsbedingungen-erlaeuterungen","status":"publish","type":"page","link":"https:\/\/www.dolvean.co.uk\/de\/allgemeine-geschaeftsbedingungen-erlaeuterungen\/","title":{"rendered":"Allgemeine Gesch\u00e4ftsbedingungen &#038; Erl\u00e4uterungen"},"content":{"rendered":"<h2>Reservierung<\/h2>\n<p>Reservierungen nehmen wir per Telefon, E-mail, Post und unser online Buchungssystem entgegen. Bitte geben Sie daf\u00fcr Ihren Namen, Adresse, Telefonnummer sowie die g\u00fcltigen Daten einer EC- oder Kreditkarte an (Kartennummer, End- und Startdatum, Sicherheitsnummer (R\u00fcckseite) und Name des Karteninhabers).<\/p>\n<h2>Anzahlung<\/h2>\n<p>F\u00fcr jede Buchung von zwei oder mehr N\u00e4chten wird eine Anzahlung von \u00a350.00 f\u00e4llig. Wir ziehen die Anzahlung per Lastschrift von der EC- oder Kreditkarte bei der Reservierung ein. F\u00fcr eine Einzel\u00fcbernachtung wird der volle Betrag f\u00e4llig.<\/p>\n<h2>Vertrags-R\u00fccktritt<\/h2>\n<p>Eine Reservierung ist ein verbindlicher Vertrag. Wir behalten uns das Recht vor, im Falle eines R\u00fccktritts von dem Vertrag innerhalb von 48 Stunden vor Anreise oder bei \u00c4nderungen w\u00e4hrend Ihres Aufenthalts eine R\u00fccktrittsgeb\u00fchr von bis zu 90 Prozent der Gesamtkosten des Aufenthaltes zu erheben. Im Falle eines R\u00fccktritts von dem Vertrag innerhalb der letzten 28 Tage vor dem gebuchten Anreisetag und f\u00fcr den Fall, dass das Zimmer nicht neu verkauft werden kann, sind wir jedoch bereit, die geleistete Anzahlung f\u00fcr eine erneute Buchung in Ihrem Namen innerhalb der n\u00e4chsten 12 Monate ausgehend vom Datum des R\u00fccktritts zu reservieren und anzurechnen. Au\u00dferhalb dieses Zeitraums verf\u00e4llt die geleistete Anzahlung. Bei einem schriftlich mitgeteilten R\u00fccktritt fr\u00fcher als 28 Tage vor gebuchtem Zeitraum zahlen wir die Anzahlung zur\u00fcck. Wir empfehlen Ihnen den Abschluss einer Reiseversicherung.<\/p>\n<h2>Preise<\/h2>\n<p>Die angegeben Preise gelten pro Zimmer pro Nacht und beinhalten Fr\u00fchst\u00fcck (\u2018Full English Breakfast\u2019). F\u00fcr eine Einzel\u00fcbernachtung kann ein Zuschlag von \u00a35.00 pro Person erhoben werden. Wir behalten uns das Recht vor, 85 Prozent des Zimmerpreises zu berechnen, wenn eine Einzelperson ein Doppelzimmer belegt, in Abh\u00e4ngigkeit von der Verf\u00fcgbarkeit. F\u00fcr eine Buchung von sieben und mehr N\u00e4chten offerieren 10% rabett. F\u00fcr Kinder bis zu 10 Jahre alt in einem Zustellbett im Raum der Eltern berechnen wir zus\u00e4tzliche 50 Prozent des gebuchten Erwachsenenpreises.<\/p>\n<p>Wir sichern zu, diese Preise so lange wie m\u00f6glich zu halten. Sollten wir aus gegebenen Umst\u00e4nden die Preise \u00e4ndern m\u00fcssen, werden best\u00e4tigte Buchungen selbstverst\u00e4ndlich honoriert.<\/p>\n<h2>Zahlung<\/h2>\n<p>Wir akzeptieren Zahlungen durch die meisten EC- und Kreditkarten, Traveller Schecks, Britische Sterling Schecks gesichert durch eine Bankkarte, und Barzahlungen. Visa-, Master- und EC-Karten werden geb\u00fchrenfrei akzeptiert. Wir akzeptieren nicht: American Express und Diners Kreditkarten. Rechnungen sind am Abreisetag zu zahlen. Die G\u00e4ste werden gebeten, die Zimmer am Tag der Abreise bis 10.30 Uhr zu r\u00e4umen.<\/p>\n<h2>Rauchen<\/h2>\n<p>Dolvean House ist wie alle \u00f6ffentlichen Geb\u00e4ude in Gro\u00dfbritannien eine Nichtraucher-Zone. Wir behalten uns das Recht vor, eine extra Reinigungs\u00adgeb\u00fchr zu erheben f\u00fcr den Fall, dass innerhalb unseres Hauses und Gel\u00e4ndes unerlaubt geraucht wird. Rauchern steht der Garten und ein \u00fcberdachter Raum im Carport zur Verf\u00fcgung. Wir bitten um Benutzung der bereit stehenden Sandt\u00f6pfe.<\/p>\n<h2>Parkplatz<\/h2>\n<p>G\u00e4sten steht der hauseigene Parkplatz hinter dem Haus zur Verf\u00fcgung, ein Auto pro gebuchtes Zimmer. Zus\u00e4tzliche Parkpl\u00e4tze f\u00fcr weitere Autos, Bootsanh\u00e4nger oder Kleinbusse k\u00f6nnen nur zur Verf\u00fcgung gestellt werden bei rechtzeitiger Anfrage und in Abh\u00e4ngigkeit von der Verf\u00fcgbarkeit. Das Parken in unserem privaten Parkplatz \u00a0erfolgt auf eigenes Risiko.<\/p>\n<h2>Kinder<\/h2>\n<p>Kinder jeglichen Alters sind bei uns willkommen, jedoch hat Dolvean House keine Familienzimmer oder kindgerechte Einrichtungen, wie Babybetten oder Spielfl\u00e4chen. Einige R\u00e4ume k\u00f6nnen mit einem weiteren Zustellbett f\u00fcr ein Kind bis zu 10 Jahren ausger\u00fcstet werden. Eine rechtzeitige Anfrage und die Zimmerverf\u00fcgbarkeit ist Voraussetzung. Ein Kinderhochstuhl f\u00fcr den Fr\u00fchst\u00fccksraum ist vorhanden.<\/p>\n<h2>Tiere<\/h2>\n<p>Hunde oder andere Haustiere sind leider in Dolvean Haus nicht erlaubt, ausgenommen Blindenhunde. Blindenhunde sind generell kostenfrei erlaubt, wir behalten uns jedoch vor, einige R\u00e4ume von der Benutzung durch Hunde generell auszuschlie\u00dfen.<\/p>\n<h2>Service<\/h2>\n<p>Unser oberstes Anliegen ist, die Bed\u00fcrfnisse aller unserer G\u00e4ste innerhalb unseres Hauskonzeptes zu jeder Zeit zufrieden zu stellen. Sollte Ihnen das Ein oder Andere zur Steigerung Ihres Wohlbefindens noch fehlen, so z\u00f6gern Sie bitte nicht Ihren Wunsch zu \u00e4u\u00dfern. Wir tun unser Bestes, ihn zu erf\u00fcllen.<\/p>\n<h2>Geografische Position<\/h2>\n<p>Postleitzahl: TR11 4DQ. Die Koordinaten sind SW 809319, Breitengrad 50:08:50 N (50.14727) L\u00e4ngengrad 5:04:01W (-5.067) Satellitennavigation.<\/p>\n<h2>Ankunft<\/h2>\n<p>Bei der Anreise k\u00f6nnen Sie auf der Zufahrt beim Haus parken, um einzuchecken. Die Haust\u00fcr erreichen Sie \u00fcber vier Stufen (Handlauf verf\u00fcgbar). Bitte l\u00e4uten Sie an der Glast\u00fcr. Der eigentliche Privatparkplatz befindet sich hinter dem Haus auf der linken Seite. Die einzelnen Pl\u00e4tze sind markiert und der Parkplatz ist w\u00e4hrend D\u00e4mmerung und Nacht beleuchtet.<\/p>\n<h2>Im Haus<\/h2>\n<p>Alle Korridore sind 24 Stunden beleuchtet, in der Nacht mit Notbeleuchtung. Im gesamten Haus, abgesehen von den Badezimmern, liegt Teppich. Im Notfall kann von hier aus ein kostenfreier Ruf zu den Eigent\u00fcmern get\u00e4tigt werden. Einige Mobiltelefone haben aufgrund der dicken Granitmauern schlechten Empfang. Sie haben kostenfreien Zugang zum Internet \u00fcber unser W-lan-Netz. Alle Zimmer sind mit Farbfernseher mit Videotext, den Freeview Programmen und Fernbedienung ausgestattet. Im Erdgeschoss haben Sie Zugang zum allgemeinen Wohnzimmer mit Bibliothek, Restaurant, Rezeption, Mini-Bar, G\u00e4ste\u00adtoilette sowie einem Einzelzimmer und einem \u2018Twin\u2019-Doppelzimmer. Die \u00fcbrigen Zimmer sind \u00fcber das Treppenhaus zu erreichen, ein Lift ist nicht vorhanden. Die Struktur des Hauses ist ungeeignet f\u00fcr den Zugang von Rollst\u00fchlen. Ein Gro\u00dfdruck-Fr\u00fchst\u00fccks-Menu ist verf\u00fcgbar.<\/p>\n<h2>Badezimmer<\/h2>\n<p>Alle Zimmer verf\u00fcgen \u00fcber ihr eigenes integriertes Badezimmer, die jeweils individuell ausgestattet sind. Drei Zimmer verf\u00fcgen \u00fcber eine Stehdusche, alle anderen Zimmer haben Badewannen mit Duschbrausen. Das Erdgeschosszimmer Killigrew hat auch eine Badewanne. In allen Badezimmern mit Wannen stehen Anti-Rutsch Gummimatten zur Verf\u00fcgung. Die Badezimmer werden sukzessive mit Anti-Rutsch-Fliesen ausgestattet.<\/p>\n<h2>Garten<\/h2>\n<p>Unser kleiner Garten auf der R\u00fcckseite des Hauses steht auch den G\u00e4sten zur Verf\u00fcgung. Die Oberfl\u00e4che ist mit losem Split belegt.<\/p>\n","protected":false},"excerpt":{"rendered":"<p>Reservierung Reservierungen nehmen wir per Telefon, E-mail, Post und unser online Buchungssystem entgegen. Bitte geben Sie daf\u00fcr Ihren Namen, Adresse, Telefonnummer sowie die g\u00fcltigen Daten einer EC- oder Kreditkarte an (Kartennummer, End- und Startdatum, Sicherheitsnummer (R\u00fcckseite) und Name des Karteninhabers). Anzahlung F\u00fcr jede Buchung von zwei oder mehr N\u00e4chten wird eine Anzahlung von \u00a350.00 f\u00e4llig. [&hellip;]<\/p>\n","protected":false},"author":1,"featured_media":0,"parent":0,"menu_order":17,"comment_status":"closed","ping_status":"closed","template":"","meta":{"_acf_changed":false,"footnotes":""},"class_list":["post-1578","page","type-page","status-publish","hentry"],"acf":[],"_links":{"self":[{"href":"https:\/\/www.dolvean.co.uk\/de\/wp-json\/wp\/v2\/pages\/1578","targetHints":{"allow":["GET"]}}],"collection":[{"href":"https:\/\/www.dolvean.co.uk\/de\/wp-json\/wp\/v2\/pages"}],"about":[{"href":"https:\/\/www.dolvean.co.uk\/de\/wp-json\/wp\/v2\/types\/page"}],"author":[{"embeddable":true,"href":"https:\/\/www.dolvean.co.uk\/de\/wp-json\/wp\/v2\/users\/1"}],"replies":[{"embeddable":true,"href":"https:\/\/www.dolvean.co.uk\/de\/wp-json\/wp\/v2\/comments?post=1578"}],"version-history":[{"count":4,"href":"https:\/\/www.dolvean.co.uk\/de\/wp-json\/wp\/v2\/pages\/1578\/revisions"}],"predecessor-version":[{"id":2254,"href":"https:\/\/www.dolvean.co.uk\/de\/wp-json\/wp\/v2\/pages\/1578\/revisions\/2254"}],"wp:attachment":[{"href":"https:\/\/www.dolvean.co.uk\/de\/wp-json\/wp\/v2\/media?parent=1578"}],"curies":[{"name":"wp","href":"https:\/\/api.w.org\/{rel}","templated":true}]}}