{"id":1631,"date":"2017-07-27T11:20:07","date_gmt":"2017-07-27T11:20:07","guid":{"rendered":"http:\/\/www.dolvean.co.uk\/?page_id=1631\/"},"modified":"2017-07-27T22:13:52","modified_gmt":"2017-07-27T22:13:52","slug":"urheberrech","status":"publish","type":"page","link":"https:\/\/www.dolvean.co.uk\/de\/urheberrech\/","title":{"rendered":"Urheberrech"},"content":{"rendered":"<p><span id=\"result_box\" class=\"\" lang=\"de\"><span class=\"\">\u00a9 Copyright Dolvean Haus<\/span><\/p>\n<p>Alle Rechte vorbehalten.<\/p>\n<p>Diese Website unterliegt dem Urheberrecht.<\/p>\n<p><span class=\"\">Sofern nicht anders angegeben, sind alle Texte und Grafiken auf dieser Website urheberrechtlich gesch\u00fctzt. Dolvean House.<\/span> <span class=\"\">Sofern nicht anders angegeben, darf keines der Materialien auf der Website ohne Genehmigung neu ver\u00f6ffentlicht oder vervielf\u00e4ltigt werden.<\/span> Es wird die Erlaubnis erteilt, dass dieses Material als &#8222;Hardcopy&#8220; eingesehen, gespeichert oder gedruckt wird, nur f\u00fcr den pers\u00f6nlichen, nicht kommerziellen Gebrauch.<\/span><\/p>\n","protected":false},"excerpt":{"rendered":"<p>\u00a9 Copyright Dolvean Haus Alle Rechte vorbehalten. Diese Website unterliegt dem Urheberrecht. Sofern nicht anders angegeben, sind alle Texte und Grafiken auf dieser Website urheberrechtlich gesch\u00fctzt. Dolvean House. Sofern nicht anders angegeben, darf keines der Materialien auf der Website ohne Genehmigung neu ver\u00f6ffentlicht oder vervielf\u00e4ltigt werden. Es wird die Erlaubnis erteilt, dass dieses Material als [&hellip;]<\/p>\n","protected":false},"author":1,"featured_media":0,"parent":0,"menu_order":0,"comment_status":"closed","ping_status":"closed","template":"","meta":{"_acf_changed":false,"footnotes":""},"class_list":["post-1631","page","type-page","status-publish","hentry"],"acf":[],"_links":{"self":[{"href":"https:\/\/www.dolvean.co.uk\/de\/wp-json\/wp\/v2\/pages\/1631","targetHints":{"allow":["GET"]}}],"collection":[{"href":"https:\/\/www.dolvean.co.uk\/de\/wp-json\/wp\/v2\/pages"}],"about":[{"href":"https:\/\/www.dolvean.co.uk\/de\/wp-json\/wp\/v2\/types\/page"}],"author":[{"embeddable":true,"href":"https:\/\/www.dolvean.co.uk\/de\/wp-json\/wp\/v2\/users\/1"}],"replies":[{"embeddable":true,"href":"https:\/\/www.dolvean.co.uk\/de\/wp-json\/wp\/v2\/comments?post=1631"}],"version-history":[{"count":2,"href":"https:\/\/www.dolvean.co.uk\/de\/wp-json\/wp\/v2\/pages\/1631\/revisions"}],"predecessor-version":[{"id":1657,"href":"https:\/\/www.dolvean.co.uk\/de\/wp-json\/wp\/v2\/pages\/1631\/revisions\/1657"}],"wp:attachment":[{"href":"https:\/\/www.dolvean.co.uk\/de\/wp-json\/wp\/v2\/media?parent=1631"}],"curies":[{"name":"wp","href":"https:\/\/api.w.org\/{rel}","templated":true}]}}